{"id":5667,"date":"2019-01-29T15:21:57","date_gmt":"2019-01-29T15:21:57","guid":{"rendered":"http:\/\/pizzerialavendetta.com\/creditos\/"},"modified":"2019-01-29T15:55:40","modified_gmt":"2019-01-29T15:55:40","slug":"creditos","status":"publish","type":"page","link":"https:\/\/pizzerialavendetta.com\/en\/creditos\/","title":{"rendered":"Cr\u00e9ditos"},"content":{"rendered":"<h1>Cr\u00e9ditos legales y Derechos de Autor<\/h1>\n<ul>\n<li style=\"text-align: left;\"><span class=\"wysiwyg-font-size-large\">Icons made by <a href=\"https:\/\/www.flaticon.com\/authors\/freepik\">Freepik<\/a>\u00a0from\u00a0<a title=\"Flaticon\" href=\"http:\/\/www.flaticon.com\/\">www.flaticon.com<\/a>\u00a0<\/span><\/li>\n<li style=\"text-align: left;\">Tienda Online realizada por <a href=\"https:\/\/somlaweb.com\/\">www.somlaweb.com<\/a><\/li>\n<\/ul>\n","protected":false},"excerpt":{"rendered":"<p>Cr\u00e9ditos legales y Derechos de Autor Icons made by Freepik\u00a0from\u00a0www.flaticon.com\u00a0 Tienda Online realizada por www.somlaweb.com<\/p>\n","protected":false},"author":23,"featured_media":0,"parent":0,"menu_order":0,"comment_status":"closed","ping_status":"closed","template":"","meta":{"_acf_changed":false,"footnotes":""},"class_list":["post-5667","page","type-page","status-publish","hentry"],"acf":[],"yoast_head":"<!-- This site is optimized with the Yoast SEO plugin v27.3 - https:\/\/yoast.com\/product\/yoast-seo-wordpress\/ -->\n<title>Cr\u00e9ditos - Pizzer\u00eda La Vendetta<\/title>\n<meta name=\"robots\" content=\"index, follow, max-snippet:-1, max-image-preview:large, max-video-preview:-1\" \/>\n<link rel=\"canonical\" href=\"https:\/\/pizzerialavendetta.com\/en\/creditos\/\" \/>\n<meta property=\"og:locale\" content=\"en_US\" \/>\n<meta property=\"og:type\" content=\"article\" \/>\n<meta property=\"og:title\" content=\"Cr\u00e9ditos - Pizzer\u00eda La Vendetta\" \/>\n<meta property=\"og:description\" content=\"Cr\u00e9ditos legales y Derechos de Autor Icons made by Freepik\u00a0from\u00a0www.flaticon.com\u00a0 Tienda Online realizada por www.somlaweb.com\" \/>\n<meta property=\"og:url\" content=\"https:\/\/pizzerialavendetta.com\/en\/creditos\/\" \/>\n<meta property=\"og:site_name\" content=\"Pizzer\u00eda La Vendetta\" \/>\n<meta property=\"article:modified_time\" content=\"2019-01-29T15:55:40+00:00\" \/>\n<meta name=\"twitter:card\" content=\"summary_large_image\" \/>\n<script type=\"application\/ld+json\" class=\"yoast-schema-graph\">{\"@context\":\"https:\\\/\\\/schema.org\",\"@graph\":[{\"@type\":\"WebPage\",\"@id\":\"https:\\\/\\\/pizzerialavendetta.com\\\/en\\\/creditos\\\/\",\"url\":\"https:\\\/\\\/pizzerialavendetta.com\\\/en\\\/creditos\\\/\",\"name\":\"Cr\u00e9ditos - Pizzer\u00eda La Vendetta\",\"isPartOf\":{\"@id\":\"https:\\\/\\\/pizzerialavendetta.com\\\/#website\"},\"datePublished\":\"2019-01-29T15:21:57+00:00\",\"dateModified\":\"2019-01-29T15:55:40+00:00\",\"breadcrumb\":{\"@id\":\"https:\\\/\\\/pizzerialavendetta.com\\\/en\\\/creditos\\\/#breadcrumb\"},\"inLanguage\":\"en-US\",\"potentialAction\":[{\"@type\":\"ReadAction\",\"target\":[\"https:\\\/\\\/pizzerialavendetta.com\\\/en\\\/creditos\\\/\"]}]},{\"@type\":\"BreadcrumbList\",\"@id\":\"https:\\\/\\\/pizzerialavendetta.com\\\/en\\\/creditos\\\/#breadcrumb\",\"itemListElement\":[{\"@type\":\"ListItem\",\"position\":1,\"name\":\"Portada\",\"item\":\"https:\\\/\\\/pizzerialavendetta.com\\\/en\\\/\"},{\"@type\":\"ListItem\",\"position\":2,\"name\":\"Cr\u00e9ditos\"}]},{\"@type\":\"WebSite\",\"@id\":\"https:\\\/\\\/pizzerialavendetta.com\\\/#website\",\"url\":\"https:\\\/\\\/pizzerialavendetta.com\\\/\",\"name\":\"Simon Tom Shop\",\"description\":\"\",\"potentialAction\":[{\"@type\":\"SearchAction\",\"target\":{\"@type\":\"EntryPoint\",\"urlTemplate\":\"https:\\\/\\\/pizzerialavendetta.com\\\/?s={search_term_string}\"},\"query-input\":{\"@type\":\"PropertyValueSpecification\",\"valueRequired\":true,\"valueName\":\"search_term_string\"}}],\"inLanguage\":\"en-US\"}]}<\/script>\n<!-- \/ Yoast SEO plugin. -->","yoast_head_json":{"title":"Cr\u00e9ditos - Pizzer\u00eda La Vendetta","robots":{"index":"index","follow":"follow","max-snippet":"max-snippet:-1","max-image-preview":"max-image-preview:large","max-video-preview":"max-video-preview:-1"},"canonical":"https:\/\/pizzerialavendetta.com\/en\/creditos\/","og_locale":"en_US","og_type":"article","og_title":"Cr\u00e9ditos - Pizzer\u00eda La Vendetta","og_description":"Cr\u00e9ditos legales y Derechos de Autor Icons made by Freepik\u00a0from\u00a0www.flaticon.com\u00a0 Tienda Online realizada por www.somlaweb.com","og_url":"https:\/\/pizzerialavendetta.com\/en\/creditos\/","og_site_name":"Pizzer\u00eda La Vendetta","article_modified_time":"2019-01-29T15:55:40+00:00","twitter_card":"summary_large_image","schema":{"@context":"https:\/\/schema.org","@graph":[{"@type":"WebPage","@id":"https:\/\/pizzerialavendetta.com\/en\/creditos\/","url":"https:\/\/pizzerialavendetta.com\/en\/creditos\/","name":"Cr\u00e9ditos - Pizzer\u00eda La Vendetta","isPartOf":{"@id":"https:\/\/pizzerialavendetta.com\/#website"},"datePublished":"2019-01-29T15:21:57+00:00","dateModified":"2019-01-29T15:55:40+00:00","breadcrumb":{"@id":"https:\/\/pizzerialavendetta.com\/en\/creditos\/#breadcrumb"},"inLanguage":"en-US","potentialAction":[{"@type":"ReadAction","target":["https:\/\/pizzerialavendetta.com\/en\/creditos\/"]}]},{"@type":"BreadcrumbList","@id":"https:\/\/pizzerialavendetta.com\/en\/creditos\/#breadcrumb","itemListElement":[{"@type":"ListItem","position":1,"name":"Portada","item":"https:\/\/pizzerialavendetta.com\/en\/"},{"@type":"ListItem","position":2,"name":"Cr\u00e9ditos"}]},{"@type":"WebSite","@id":"https:\/\/pizzerialavendetta.com\/#website","url":"https:\/\/pizzerialavendetta.com\/","name":"Simon Tom Shop","description":"","potentialAction":[{"@type":"SearchAction","target":{"@type":"EntryPoint","urlTemplate":"https:\/\/pizzerialavendetta.com\/?s={search_term_string}"},"query-input":{"@type":"PropertyValueSpecification","valueRequired":true,"valueName":"search_term_string"}}],"inLanguage":"en-US"}]}},"_links":{"self":[{"href":"https:\/\/pizzerialavendetta.com\/en\/wp-json\/wp\/v2\/pages\/5667","targetHints":{"allow":["GET"]}}],"collection":[{"href":"https:\/\/pizzerialavendetta.com\/en\/wp-json\/wp\/v2\/pages"}],"about":[{"href":"https:\/\/pizzerialavendetta.com\/en\/wp-json\/wp\/v2\/types\/page"}],"author":[{"embeddable":true,"href":"https:\/\/pizzerialavendetta.com\/en\/wp-json\/wp\/v2\/users\/23"}],"replies":[{"embeddable":true,"href":"https:\/\/pizzerialavendetta.com\/en\/wp-json\/wp\/v2\/comments?post=5667"}],"version-history":[{"count":0,"href":"https:\/\/pizzerialavendetta.com\/en\/wp-json\/wp\/v2\/pages\/5667\/revisions"}],"wp:attachment":[{"href":"https:\/\/pizzerialavendetta.com\/en\/wp-json\/wp\/v2\/media?parent=5667"}],"curies":[{"name":"wp","href":"https:\/\/api.w.org\/{rel}","templated":true}]}}