{"id":10696,"date":"2022-06-29T14:09:21","date_gmt":"2022-06-29T13:09:21","guid":{"rendered":"http:\/\/pizzerialavendetta.com\/carta-de-vinos\/"},"modified":"2025-05-26T16:48:39","modified_gmt":"2025-05-26T15:48:39","slug":"wines","status":"publish","type":"page","link":"https:\/\/pizzerialavendetta.com\/en\/wines\/","title":{"rendered":"Wines"},"content":{"rendered":"\t\t<div data-elementor-type=\"wp-page\" data-elementor-id=\"10696\" class=\"elementor elementor-10696 elementor-9837\">\n\t\t\t\t\t\t<section class=\"elementor-section elementor-top-section elementor-element elementor-element-2f85c53f elementor-section-boxed elementor-section-height-default elementor-section-height-default\" data-id=\"2f85c53f\" data-element_type=\"section\" data-e-type=\"section\">\n\t\t\t\t\t\t<div class=\"elementor-container elementor-column-gap-default\">\n\t\t\t\t\t<div class=\"elementor-column elementor-col-100 elementor-top-column elementor-element elementor-element-516ac43c\" data-id=\"516ac43c\" data-element_type=\"column\" data-e-type=\"column\">\n\t\t\t<div class=\"elementor-widget-wrap elementor-element-populated\">\n\t\t\t\t\t\t<div class=\"elementor-element elementor-element-328c7c3d elementor-widget elementor-widget-heading\" data-id=\"328c7c3d\" data-element_type=\"widget\" data-e-type=\"widget\" data-widget_type=\"heading.default\">\n\t\t\t\t<div class=\"elementor-widget-container\">\n\t\t\t\t\t<h1 class=\"elementor-heading-title elementor-size-default\">Wines<\/h1>\t\t\t\t<\/div>\n\t\t\t\t<\/div>\n\t\t\t\t\t<\/div>\n\t\t<\/div>\n\t\t\t\t\t<\/div>\n\t\t<\/section>\n\t\t\t\t<section class=\"elementor-section elementor-top-section elementor-element elementor-element-e78b1c7 elementor-section-boxed elementor-section-height-default elementor-section-height-default\" data-id=\"e78b1c7\" data-element_type=\"section\" data-e-type=\"section\">\n\t\t\t\t\t\t<div class=\"elementor-container elementor-column-gap-default\">\n\t\t\t\t\t<div class=\"elementor-column elementor-col-100 elementor-top-column elementor-element elementor-element-ed24210\" data-id=\"ed24210\" data-element_type=\"column\" data-e-type=\"column\">\n\t\t\t<div class=\"elementor-widget-wrap elementor-element-populated\">\n\t\t\t\t\t\t<div class=\"elementor-element elementor-element-9159b53 elementor-widget elementor-widget-heading\" data-id=\"9159b53\" data-element_type=\"widget\" data-e-type=\"widget\" data-widget_type=\"heading.default\">\n\t\t\t\t<div class=\"elementor-widget-container\">\n\t\t\t\t\t<div class=\"elementor-heading-title elementor-size-default\">Prices with taxes included<\/div>\t\t\t\t<\/div>\n\t\t\t\t<\/div>\n\t\t\t\t\t<\/div>\n\t\t<\/div>\n\t\t\t\t\t<\/div>\n\t\t<\/section>\n\t\t\t\t<section class=\"elementor-section elementor-top-section elementor-element elementor-element-4a86a35 elementor-section-boxed elementor-section-height-default elementor-section-height-default\" data-id=\"4a86a35\" data-element_type=\"section\" data-e-type=\"section\" data-settings=\"{&quot;background_background&quot;:&quot;classic&quot;}\">\n\t\t\t\t\t\t<div class=\"elementor-container elementor-column-gap-default\">\n\t\t\t\t\t<div class=\"elementor-column elementor-col-100 elementor-top-column elementor-element elementor-element-8ac7aa6\" data-id=\"8ac7aa6\" data-element_type=\"column\" data-e-type=\"column\" data-settings=\"{&quot;background_background&quot;:&quot;classic&quot;}\">\n\t\t\t<div class=\"elementor-widget-wrap elementor-element-populated\">\n\t\t\t\t\t\t<div class=\"elementor-element elementor-element-23ac19c color-scheme-inherit text-left elementor-widget elementor-widget-text-editor\" data-id=\"23ac19c\" data-element_type=\"widget\" data-e-type=\"widget\" data-widget_type=\"text-editor.default\">\n\t\t\t\t<div class=\"elementor-widget-container\">\n\t\t\t\t\t\t\t\t\t<h4 style=\"text-align: center;\"><span style=\"font-size: 18pt;\">WHITE WINE<\/span><\/h4>\n<table style=\"width: 100%; height: 47px;\">\n<tbody>\n<tr style=\"height: 23px;\">\n<td style=\"width: 826px; height: 23px;\"><strong>Mart\u00ed Grau vi de la casa<\/strong> Pened\u00e8s Xarel.lo, parellada i macabeu<\/td>\n<td style=\"width: 35px; height: 23px;\">10,10\u20ac<\/td>\n<\/tr>\n<tr style=\"height: 23px;\">\n<td style=\"width: 826px; height: 23px;\"><strong>Albet i Noya Curi\u00f3s<\/strong> Pened\u00e9s ecol\u00f2gic Xarel.lo<\/td>\n<td style=\"width: 35px; height: 23px;\">15,55\u20ac<\/td>\n<\/tr>\n<tr style=\"height: 23px;\">\n<td style=\"width: 826px; height: 23px;\"><strong>Covides duc de Foix<\/strong>&nbsp;Pened\u00e8s Xarel.lo<\/td>\n<td style=\"width: 35px; height: 23px;\">11,95\u20ac<\/td>\n<\/tr>\n<tr style=\"height: 23px;\">\n<td style=\"width: 826px; height: 23px;\"><strong>Mas Bertran Nutt<\/strong> Pened\u00e8s Xarel.lo<\/td>\n<td style=\"width: 35px; height: 23px;\">15,25\u20ac<\/td>\n<\/tr>\n<tr style=\"height: 23px;\">\n<td style=\"width: 826px; height: 23px;\"><strong>Can Feixes Blanc Selecci\u00f3<\/strong> Pened\u00e8s ecol\u00f2gic parellada, macabeu, chardonnay i malvec<\/td>\n<td style=\"width: 35px; height: 23px;\">17,25\u20ac<\/td>\n<\/tr>\n<tr style=\"height: 23px;\">\n<td style=\"width: 826px; height: 23px;\"><strong>Vallformosa Masia Frey\u00e9<\/strong> Pened\u00e8s Parellada i Muscat de Frontignan<\/td>\n<td style=\"width: 35px; height: 23px;\">15,55\u20ac<\/td>\n<\/tr>\n<tr style=\"height: 23px;\">\n<td style=\"width: 826px; height: 23px;\"><strong>Jean Leon 3055<\/strong> Pened\u00e8s ecol\u00f2gic Chardonnay<\/td>\n<td style=\"width: 35px; height: 23px;\">19,95\u20ac<\/td>\n<\/tr>\n<tr style=\"height: 23px;\">\n<td style=\"width: 826px; height: 23px;\"><b>Torres Magn\u00e8tic <\/b>Catalunya Sauvignon blanc i garnatxa blanca<\/td>\n<td style=\"width: 35px; height: 23px;\">13,10\u20ac<\/td>\n<\/tr>\n<tr style=\"height: 23px;\">\n<td style=\"width: 826px; height: 23px;\"><br><\/td>\n<td style=\"width: 35px; height: 23px;\"><br><\/td>\n<\/tr>\n<\/tbody>\n<\/table>\t\t\t\t\t\t\t\t<\/div>\n\t\t\t\t<\/div>\n\t\t\t\t\t<\/div>\n\t\t<\/div>\n\t\t\t\t\t<\/div>\n\t\t<\/section>\n\t\t\t\t<section class=\"elementor-section elementor-top-section elementor-element elementor-element-70bc37d elementor-section-boxed elementor-section-height-default elementor-section-height-default\" data-id=\"70bc37d\" data-element_type=\"section\" data-e-type=\"section\" data-settings=\"{&quot;background_background&quot;:&quot;classic&quot;}\">\n\t\t\t\t\t\t<div class=\"elementor-container elementor-column-gap-default\">\n\t\t\t\t\t<div class=\"elementor-column elementor-col-100 elementor-top-column elementor-element elementor-element-1c7c69a\" data-id=\"1c7c69a\" data-element_type=\"column\" data-e-type=\"column\" data-settings=\"{&quot;background_background&quot;:&quot;classic&quot;}\">\n\t\t\t<div class=\"elementor-widget-wrap elementor-element-populated\">\n\t\t\t\t\t\t<div class=\"elementor-element elementor-element-03cf3ad color-scheme-inherit text-left elementor-widget elementor-widget-text-editor\" data-id=\"03cf3ad\" data-element_type=\"widget\" data-e-type=\"widget\" data-widget_type=\"text-editor.default\">\n\t\t\t\t<div class=\"elementor-widget-container\">\n\t\t\t\t\t\t\t\t\t<h4 style=\"text-align: center;\"><span style=\"font-size: 18pt;\">ROSE WINES<\/span><\/h4><table style=\"height: 178px;\" width=\"100%\"><tbody><tr><td style=\"width: 86.1107%;\"><b>Mart\u00ed Grau Vi de la casa<\/b><span style=\"font-weight: 400;\"> \u00a0 <\/span><span style=\"font-weight: 400;\">Pened\u00e8s <\/span><span style=\"font-weight: 400;\">\u00a0Merlot<\/span><\/td><td style=\"width: 19.8893%; text-align: right;\"><span style=\"font-weight: 400;\">10,10\u20ac<\/span><\/td><\/tr><tr><td style=\"width: 86.1107%;\"><b>Covides Duc de Foix<\/b><span style=\"font-weight: 400;\"> \u00a0 <\/span><span style=\"font-weight: 400;\">Pened\u00e8s<\/span><span style=\"font-weight: 400;\">\u00a0 Cabernet Sauvignon<\/span><\/td><td style=\"width: 19.8893%; text-align: right;\"><span style=\"font-weight: 400;\">11,95\u20ac<\/span><\/td><\/tr><tr><td style=\"width: 86.1107%;\"><b>Mas Comtal Rosat de Ll\u00e0grima<\/b><span style=\"font-weight: 400;\">\u00a0 <\/span><span style=\"font-weight: 400;\">Pened\u00e8s <\/span><span style=\"font-weight: 400;\">\u00a0Merlot<\/span><\/td><td style=\"width: 19.8893%; text-align: right;\"><span style=\"font-weight: 400;\">16,45\u20ac<\/span><\/td><\/tr><tr><td style=\"width: 86.1107%;\"><b>Albet i Noya\u00a0 Curiosa<\/b><span style=\"font-weight: 400;\">\u00a0 <\/span><span style=\"font-weight: 400;\">Pened\u00e8s <\/span><span style=\"font-weight: 400;\">ecol\u00f2gic\u00a0 \u00a0 Pinot Noir i Merlot<\/span><\/td><td style=\"width: 19.8893%; text-align: right;\"><span style=\"font-weight: 400;\">15,90\u20ac<\/span><\/td><\/tr><tr><td style=\"width: 86.1107%;\"><b>Vallformosa Masia Frey\u00e9<\/b><span style=\"font-weight: 400;\"> \u00a0 <\/span><span style=\"font-weight: 400;\">Pened\u00e8s <\/span><span style=\"font-weight: 400;\">\u00a0Syrah i Sumoll<\/span><\/td><td style=\"width: 19.8893%; text-align: right;\"><span style=\"font-weight: 400;\">15,50\u20ac<\/span><\/td><\/tr><tr><td style=\"width: 86.1107%; text-align: left;\"><b>Lambrusco\u00a0<\/b><span style=\"font-weight: 400;\">Itali\u00e0<\/span><\/td><td style=\"width: 19.8893%; text-align: right;\"><span style=\"font-weight: 400;\">10,70\u20ac<\/span><\/td><\/tr><tr><td style=\"width: 86.1107%; text-align: left;\"><b>Torres Natureo \u00a80,0 alcohol\u00a8<\/b><span style=\"font-weight: 400;\">Syrah i Cabernet Sauvignon<\/span><\/td><td style=\"width: 19.8893%; text-align: right;\"><span style=\"font-weight: 400;\">14,10\u20ac<\/span><\/td><\/tr><tr><td style=\"width: 86.1107%; text-align: left;\"><b>Torres De Casta Catalunya <\/b><span style=\"font-weight: 400;\">Garnatxa Negra<\/span><\/td><td style=\"width: 19.8893%; text-align: right;\"><span style=\"font-weight: 400;\">12,90\u20ac<\/span><\/td><\/tr><\/tbody><\/table>\t\t\t\t\t\t\t\t<\/div>\n\t\t\t\t<\/div>\n\t\t\t\t\t<\/div>\n\t\t<\/div>\n\t\t\t\t\t<\/div>\n\t\t<\/section>\n\t\t\t\t<section class=\"elementor-section elementor-top-section elementor-element elementor-element-cb78c33 elementor-section-boxed elementor-section-height-default elementor-section-height-default\" data-id=\"cb78c33\" data-element_type=\"section\" data-e-type=\"section\" data-settings=\"{&quot;background_background&quot;:&quot;classic&quot;}\">\n\t\t\t\t\t\t<div class=\"elementor-container elementor-column-gap-default\">\n\t\t\t\t\t<div class=\"elementor-column elementor-col-100 elementor-top-column elementor-element elementor-element-724cd9d\" data-id=\"724cd9d\" data-element_type=\"column\" data-e-type=\"column\" data-settings=\"{&quot;background_background&quot;:&quot;classic&quot;}\">\n\t\t\t<div class=\"elementor-widget-wrap elementor-element-populated\">\n\t\t\t\t\t\t<div class=\"elementor-element elementor-element-1933434 color-scheme-inherit text-left elementor-widget elementor-widget-text-editor\" data-id=\"1933434\" data-element_type=\"widget\" data-e-type=\"widget\" data-widget_type=\"text-editor.default\">\n\t\t\t\t<div class=\"elementor-widget-container\">\n\t\t\t\t\t\t\t\t\t<h4 style=\"text-align: center;\"><span style=\"font-size: 18pt;\">BLACK WINES<\/span><\/h4><table style=\"height: 257px;\" width=\"100%\"><tbody><tr style=\"height: 44.125px;\"><td style=\"width: 90.6183%; height: 44.125px;\"><b>Mart\u00ed Grau vi de la casa\u00a0\u00a0<\/b>Pened\u00e8s Ull de llebre<\/td><td style=\"width: 10%; text-align: right; height: 44.125px;\"><span style=\"font-weight: 400;\">10,10\u20ac<\/span><\/td><\/tr><tr style=\"height: 44.125px;\"><td style=\"width: 90.6183%; height: 44.125px;\"><b>Covides Duc de Foix<\/b> Cabernet Sauvignon<\/td><td style=\"width: 10%; text-align: right; height: 44.125px;\"><span style=\"font-weight: 400;\">11,25\u20ac<\/span><\/td><\/tr><tr style=\"height: 44px;\"><td style=\"width: 90.6183%; height: 44px;\"><strong>Torres Atrium Pened\u00e8s<\/strong> Merlot<\/td><td style=\"width: 10%; text-align: right; height: 44px;\">19,70\u20ac<\/td><\/tr><tr style=\"height: 45px;\"><td style=\"width: 90.6183%; height: 45px;\"><b>Torres Altos Ib\u00e8ricos Crian\u00e7a<\/b><span style=\"font-weight: 400;\"> \u00a0<\/span><span style=\"font-weight: 400;\">Rioja Ull de llebre<\/span><\/td><td style=\"width: 10%; text-align: right; height: 45px;\"><span style=\"font-weight: 400;\">17,00\u20ac<\/span><\/td><\/tr><tr style=\"height: 45px;\"><td style=\"width: 90.6183%; height: 45px;\"><b>Jean Leon 3055<\/b><span style=\"font-weight: 400;\">\u00a0 <\/span><span style=\"font-weight: 400;\">Pened\u00e8s ecol\u00f2gic<\/span><span style=\"font-weight: 400;\">\u00a0Merlot i Petit Verdot<\/span><\/td><td style=\"width: 10%; text-align: right; height: 45px;\"><span style=\"font-weight: 400;\">19,95\u20ac<\/span><\/td><\/tr><tr style=\"height: 45px;\"><td style=\"width: 90.6183%; height: 45px;\"><b>Can Feixes Gran Selecci\u00f3<\/b><span style=\"font-weight: 400;\">\u00a0 <\/span><span style=\"font-weight: 400;\">Pened\u00e8s ecol\u00f2gic<\/span><span style=\"font-weight: 400;\">\u00a0 Ull de llebre i Merlot<\/span><\/td><td style=\"width: 10%; text-align: right; height: 45px;\"><span style=\"font-weight: 400;\">17,25\u20ac<\/span><\/td><\/tr><\/tbody><\/table>\t\t\t\t\t\t\t\t<\/div>\n\t\t\t\t<\/div>\n\t\t\t\t\t<\/div>\n\t\t<\/div>\n\t\t\t\t\t<\/div>\n\t\t<\/section>\n\t\t\t\t<section class=\"elementor-section elementor-top-section elementor-element elementor-element-ee59d45 elementor-section-boxed elementor-section-height-default elementor-section-height-default\" data-id=\"ee59d45\" data-element_type=\"section\" data-e-type=\"section\" data-settings=\"{&quot;background_background&quot;:&quot;classic&quot;}\">\n\t\t\t\t\t\t<div class=\"elementor-container elementor-column-gap-default\">\n\t\t\t\t\t<div class=\"elementor-column elementor-col-100 elementor-top-column elementor-element elementor-element-15a4944\" data-id=\"15a4944\" data-element_type=\"column\" data-e-type=\"column\" data-settings=\"{&quot;background_background&quot;:&quot;classic&quot;}\">\n\t\t\t<div class=\"elementor-widget-wrap elementor-element-populated\">\n\t\t\t\t\t\t<div class=\"elementor-element elementor-element-4ce87b6 color-scheme-inherit text-left elementor-widget elementor-widget-text-editor\" data-id=\"4ce87b6\" data-element_type=\"widget\" data-e-type=\"widget\" data-widget_type=\"text-editor.default\">\n\t\t\t\t<div class=\"elementor-widget-container\">\n\t\t\t\t\t\t\t\t\t<h4 style=\"text-align: center;\"><span style=\"font-size: 18pt;\">CAVA<\/span><\/h4><table style=\"width: 100%; height: 47px;\"><tbody><tr style=\"height: 23px;\"><td style=\"width: 826px; height: 23px;\"><b>Cava de la casa<\/b><span style=\"font-weight: 400;\">\u00a0 <\/span><span style=\"font-weight: 400;\">Brut<\/span><\/td><td style=\"width: 35px; height: 23px;\"><span style=\"font-weight: 400;\">13,70\u20ac<\/span><\/td><\/tr><tr style=\"height: 23px;\"><td style=\"width: 826px; height: 23px;\"><b>Oriol Rossell<\/b><span style=\"font-weight: 400;\"> \u00a0<\/span><span style=\"font-weight: 400;\">Brut Nature Reserva<\/span><\/td><td style=\"width: 35px; height: 23px;\"><span style=\"font-weight: 400;\">18,70\u20ac<\/span><\/td><\/tr><tr style=\"height: 23px;\"><td style=\"width: 826px; height: 23px;\"><b>Vallformosa <\/b><span style=\"font-weight: 400;\">\u00a0<\/span><span style=\"font-weight: 400;\">Brut Nature<\/span><\/td><td style=\"width: 35px; height: 23px;\"><span style=\"font-weight: 400;\">16,10\u20ac<\/span><\/td><\/tr><tr style=\"height: 23px;\"><td style=\"width: 826px; height: 23px;\"><b>Montpicolis \u00a0<span style=\"font-weight: 400;\">Brut Rosat Reserva<\/span><\/b><\/td><td style=\"width: 35px; height: 23px;\"><span style=\"font-weight: 400;\">14,25\u20ac<\/span><\/td><\/tr><\/tbody><\/table>\t\t\t\t\t\t\t\t<\/div>\n\t\t\t\t<\/div>\n\t\t\t\t\t<\/div>\n\t\t<\/div>\n\t\t\t\t\t<\/div>\n\t\t<\/section>\n\t\t\t\t<\/div>\n\t\t","protected":false},"excerpt":{"rendered":"<p>Wines Prices with taxes included WHITE WINE Mart\u00ed Grau vi de la casa Pened\u00e8s Xarel.lo, parellada i macabeu 10,10\u20ac Albet<\/p>\n","protected":false},"author":23,"featured_media":0,"parent":0,"menu_order":0,"comment_status":"closed","ping_status":"closed","template":"","meta":{"_acf_changed":false,"footnotes":""},"class_list":["post-10696","page","type-page","status-publish","hentry"],"acf":[],"yoast_head":"<!-- This site is optimized with the Yoast SEO plugin v27.5 - https:\/\/yoast.com\/product\/yoast-seo-wordpress\/ -->\n<title>Wines - Pizzer\u00eda La Vendetta<\/title>\n<meta name=\"robots\" content=\"index, follow, max-snippet:-1, max-image-preview:large, max-video-preview:-1\" \/>\n<link rel=\"canonical\" href=\"https:\/\/pizzerialavendetta.com\/carta-de-vinos\/\" \/>\n<meta property=\"og:locale\" content=\"en_US\" \/>\n<meta property=\"og:type\" content=\"article\" \/>\n<meta property=\"og:title\" content=\"Wines - Pizzer\u00eda La Vendetta\" \/>\n<meta property=\"og:description\" content=\"Wines Prices with taxes included WHITE WINE Mart\u00ed Grau vi de la casa Pened\u00e8s Xarel.lo, parellada i macabeu 10,10\u20ac Albet\" \/>\n<meta property=\"og:url\" content=\"https:\/\/pizzerialavendetta.com\/carta-de-vinos\/\" \/>\n<meta property=\"og:site_name\" content=\"Pizzer\u00eda La Vendetta\" \/>\n<meta property=\"article:modified_time\" content=\"2025-05-26T15:48:39+00:00\" \/>\n<meta name=\"twitter:card\" content=\"summary_large_image\" \/>\n<meta name=\"twitter:label1\" content=\"Est. reading time\" \/>\n\t<meta name=\"twitter:data1\" content=\"1 minute\" \/>\n<script type=\"application\/ld+json\" class=\"yoast-schema-graph\">{\"@context\":\"https:\\\/\\\/schema.org\",\"@graph\":[{\"@type\":\"WebPage\",\"@id\":\"https:\\\/\\\/pizzerialavendetta.com\\\/carta-de-vinos\\\/\",\"url\":\"https:\\\/\\\/pizzerialavendetta.com\\\/carta-de-vinos\\\/\",\"name\":\"Wines - Pizzer\u00eda La Vendetta\",\"isPartOf\":{\"@id\":\"https:\\\/\\\/pizzerialavendetta.com\\\/#website\"},\"datePublished\":\"2022-06-29T13:09:21+00:00\",\"dateModified\":\"2025-05-26T15:48:39+00:00\",\"breadcrumb\":{\"@id\":\"https:\\\/\\\/pizzerialavendetta.com\\\/carta-de-vinos\\\/#breadcrumb\"},\"inLanguage\":\"en-US\",\"potentialAction\":[{\"@type\":\"ReadAction\",\"target\":[\"https:\\\/\\\/pizzerialavendetta.com\\\/carta-de-vinos\\\/\"]}]},{\"@type\":\"BreadcrumbList\",\"@id\":\"https:\\\/\\\/pizzerialavendetta.com\\\/carta-de-vinos\\\/#breadcrumb\",\"itemListElement\":[{\"@type\":\"ListItem\",\"position\":1,\"name\":\"Portada\",\"item\":\"https:\\\/\\\/pizzerialavendetta.com\\\/en\\\/\"},{\"@type\":\"ListItem\",\"position\":2,\"name\":\"Wines\"}]},{\"@type\":\"WebSite\",\"@id\":\"https:\\\/\\\/pizzerialavendetta.com\\\/#website\",\"url\":\"https:\\\/\\\/pizzerialavendetta.com\\\/\",\"name\":\"Simon Tom Shop\",\"description\":\"\",\"potentialAction\":[{\"@type\":\"SearchAction\",\"target\":{\"@type\":\"EntryPoint\",\"urlTemplate\":\"https:\\\/\\\/pizzerialavendetta.com\\\/?s={search_term_string}\"},\"query-input\":{\"@type\":\"PropertyValueSpecification\",\"valueRequired\":true,\"valueName\":\"search_term_string\"}}],\"inLanguage\":\"en-US\"}]}<\/script>\n<!-- \/ Yoast SEO plugin. -->","yoast_head_json":{"title":"Wines - Pizzer\u00eda La Vendetta","robots":{"index":"index","follow":"follow","max-snippet":"max-snippet:-1","max-image-preview":"max-image-preview:large","max-video-preview":"max-video-preview:-1"},"canonical":"https:\/\/pizzerialavendetta.com\/carta-de-vinos\/","og_locale":"en_US","og_type":"article","og_title":"Wines - Pizzer\u00eda La Vendetta","og_description":"Wines Prices with taxes included WHITE WINE Mart\u00ed Grau vi de la casa Pened\u00e8s Xarel.lo, parellada i macabeu 10,10\u20ac Albet","og_url":"https:\/\/pizzerialavendetta.com\/carta-de-vinos\/","og_site_name":"Pizzer\u00eda La Vendetta","article_modified_time":"2025-05-26T15:48:39+00:00","twitter_card":"summary_large_image","twitter_misc":{"Est. reading time":"1 minute"},"schema":{"@context":"https:\/\/schema.org","@graph":[{"@type":"WebPage","@id":"https:\/\/pizzerialavendetta.com\/carta-de-vinos\/","url":"https:\/\/pizzerialavendetta.com\/carta-de-vinos\/","name":"Wines - Pizzer\u00eda La Vendetta","isPartOf":{"@id":"https:\/\/pizzerialavendetta.com\/#website"},"datePublished":"2022-06-29T13:09:21+00:00","dateModified":"2025-05-26T15:48:39+00:00","breadcrumb":{"@id":"https:\/\/pizzerialavendetta.com\/carta-de-vinos\/#breadcrumb"},"inLanguage":"en-US","potentialAction":[{"@type":"ReadAction","target":["https:\/\/pizzerialavendetta.com\/carta-de-vinos\/"]}]},{"@type":"BreadcrumbList","@id":"https:\/\/pizzerialavendetta.com\/carta-de-vinos\/#breadcrumb","itemListElement":[{"@type":"ListItem","position":1,"name":"Portada","item":"https:\/\/pizzerialavendetta.com\/en\/"},{"@type":"ListItem","position":2,"name":"Wines"}]},{"@type":"WebSite","@id":"https:\/\/pizzerialavendetta.com\/#website","url":"https:\/\/pizzerialavendetta.com\/","name":"Simon Tom Shop","description":"","potentialAction":[{"@type":"SearchAction","target":{"@type":"EntryPoint","urlTemplate":"https:\/\/pizzerialavendetta.com\/?s={search_term_string}"},"query-input":{"@type":"PropertyValueSpecification","valueRequired":true,"valueName":"search_term_string"}}],"inLanguage":"en-US"}]}},"_links":{"self":[{"href":"https:\/\/pizzerialavendetta.com\/en\/wp-json\/wp\/v2\/pages\/10696","targetHints":{"allow":["GET"]}}],"collection":[{"href":"https:\/\/pizzerialavendetta.com\/en\/wp-json\/wp\/v2\/pages"}],"about":[{"href":"https:\/\/pizzerialavendetta.com\/en\/wp-json\/wp\/v2\/types\/page"}],"author":[{"embeddable":true,"href":"https:\/\/pizzerialavendetta.com\/en\/wp-json\/wp\/v2\/users\/23"}],"replies":[{"embeddable":true,"href":"https:\/\/pizzerialavendetta.com\/en\/wp-json\/wp\/v2\/comments?post=10696"}],"version-history":[{"count":0,"href":"https:\/\/pizzerialavendetta.com\/en\/wp-json\/wp\/v2\/pages\/10696\/revisions"}],"wp:attachment":[{"href":"https:\/\/pizzerialavendetta.com\/en\/wp-json\/wp\/v2\/media?parent=10696"}],"curies":[{"name":"wp","href":"https:\/\/api.w.org\/{rel}","templated":true}]}}